{"id":2,"date":"2022-07-27T22:36:05","date_gmt":"2022-07-27T22:36:05","guid":{"rendered":"https:\/\/films.fotoeventos.net\/?page_id=2"},"modified":"2022-07-28T11:08:40","modified_gmt":"2022-07-28T09:08:40","slug":"about-us","status":"publish","type":"page","link":"https:\/\/fotoeventos.net\/en\/about-us\/","title":{"rendered":"About Us"},"content":{"rendered":"<p><strong>FotoEventos Productions<\/strong> is a branch of the media founded in 2016 by Carlos Cebri\u00e1n <strong>FotoEventos<\/strong>, in which he covered media events in any sector that took place in the Community of Madrid (Spain).<\/p>\n\n\n\n<p>FotoEventos Productions is dedicated to the production of multimedia content, founded in 2020 and recognized for its entry into the film industry by the Ministry of Culture and Sports of the Government of Spain and the ICAA in the same year.<\/p>\n\n\n\n<p>We are currently in Berlin (Germany) trying to take Spanish-German co-production to other levels working among local producers and professionals from the sector.<\/p>\n\n\n\n<h2 class=\"wp-block-heading\">About Carlos Cebri\u00e1n Ruiz<\/h2>\n\n\n<div class=\"imdb_container\">\r\n    <div style=\"all: unset; overflow:hidden;\"><div class=\"imdb_dark\">\r\n        <div class=\"imdb_left\">\r\n            <a href=\"http:\/\/www.imdb.com\/name\/nm13797089\" target=\"_blank\">\r\n                <div class=\"poster_parent\" style=\"                        background: url(https:\/\/m.media-amazon.com\/images\/M\/MV5BMzIzZTc2ZTQtNmExMy00YTU3LWExNGEtYTgzNmZmNzc0MGIwXkEyXkFqcGdeQXVyMTIxMDcxNzU4._V1_UY317_CR16,0,214,317_AL_.jpg)no-repeat center center;                        background-size: cover;                         -webkit-background-size: cover;                        -moz-background-size: cover;                        -o-background-size: cover;                        background-size: cover;\">\r\n\r\n                <\/div>\r\n            <\/a>\r\n        <\/div>\r\n        <div class=\"imdb_right\">\r\n            <span id=\"movie_title\"><a href=\"http:\/\/www.imdb.com\/name\/nm13797089\" target=\"_blank\">  Carlos Cebri\u00e1n Ruiz<\/a><\/span>\r\n            <span id=\"genres\">Producer<\/span>\r\n            <span id=\"summary\"><b>Biography: <\/b>CARLOS CEBRI\u00c1N RUIZ is a 22-year old international photo-journalist and producer from Madrid, Spain. Starting in 2015 in the world of events, covering the largest events held in Spain. After a few years while working as a producer, the European Union awarded his work by granting him the accreditation as photo-journalist.<\/span>\r\n            <div class=\"imdb_general\"><b>Born: <\/b>June 16, \n     \n2000    \n  \n                | \n                Madrid<\/div>\r\n            <div class=\"imdb_general\"><b>Known For<\/b><br\/><span class=\"known_for\"><a href=\"http:\/\/www.imdb.com\/title\/tt21151710\" target=\"_blank\"><img decoding=\"async\" src=\"https:\/\/m.media-amazon.com\/images\/M\/MV5BYTY1ZjRmYWEtZGIyOC00OTdkLWEzZDItNGEzY2ZlMDBkMmQyXkEyXkFqcGdeQXVyNzY5NTQzOTg@._V1_UX74_CR0,0,74,108_AL_.jpg\"\/><\/a><\/span><\/div>\r\n            <div class=\"imdb-footer\"><span class=\"imdb_copyright\">Source: <a href=\"https:\/\/www.imdb.com\" target=\"_blank\">imdb.com<\/a><\/span><\/div>\r\n        <\/div>\r\n    <\/div><\/div><\/div>\n\n\n\n<p><\/p>\n\n\n\n<p><\/p>","protected":false},"excerpt":{"rendered":"<p>FotoEventos Productions is a branch of the media founded in 2016 by Carlos Cebri\u00e1n FotoEventos, in which he covered media events in any sector that took place in the Community of Madrid (Spain).\n\nFotoEventos Productions is dedicated to the production of multimedia content, founded in 2020 and recognized for its entry into the film industry by the Ministry of Culture and Sports of the Government of Spain and the ICAA in the same year...<\/p>\n<p><span class=\"more-link\"><a href=\"https:\/\/fotoeventos.net\/en\/about-us\/\" class=\"readmore\">Keep reading\u2026<span class=\"screen-reader-text\">About Us<\/span><\/a><\/span><\/p>","protected":false},"author":1,"featured_media":0,"parent":0,"menu_order":0,"comment_status":"closed","ping_status":"open","template":"","meta":{"footnotes":""},"class_list":["post-2","page","type-page","status-publish","hentry"],"yoast_head":"<!-- This site is optimized with the Yoast SEO plugin v25.6 - https:\/\/yoast.com\/wordpress\/plugins\/seo\/ -->\n<title>Sobre Nosotros - FotoEventos Producciones<\/title>\n<meta name=\"robots\" content=\"index, follow, max-snippet:-1, max-image-preview:large, max-video-preview:-1\" \/>\n<link rel=\"canonical\" href=\"https:\/\/fotoeventos.net\/en\/about-us\/\" \/>\n<meta property=\"og:locale\" content=\"en_US\" \/>\n<meta property=\"og:type\" content=\"article\" \/>\n<meta property=\"og:title\" content=\"Sobre Nosotros - FotoEventos Producciones\" \/>\n<meta property=\"og:description\" content=\"FotoEventos Producciones es una rama del medio de comunicaci\u00f3n fundado en 2016 por Carlos Cebri\u00e1n FotoEventos, en el cual cubr\u00eda medi\u00e1ticamente eventos de cualquier sector que se realizasen en la Comunidad de Madrid (Espa\u00f1a). FotoEventos Producciones de dedica a la Producci\u00f3n de contenido multimedia, fundado en 2020 y reconocida su entrada en la industria cinematogr\u00e1fica por parte del Ministerio de Cultura y Deporte del Gobierno de Espa\u00f1a y el ICAA en este mismo a\u00f1o. ActualmenteSeguir leyendo...Sobre Nosotros\" \/>\n<meta property=\"og:url\" content=\"https:\/\/fotoeventos.net\/en\/about-us\/\" \/>\n<meta property=\"og:site_name\" content=\"FotoEventos Producciones\" \/>\n<meta property=\"article:modified_time\" content=\"2022-07-28T09:08:40+00:00\" \/>\n<meta name=\"twitter:card\" content=\"summary_large_image\" \/>\n<meta name=\"twitter:label1\" content=\"Est. reading time\" \/>\n\t<meta name=\"twitter:data1\" content=\"1 minute\" \/>\n<script type=\"application\/ld+json\" class=\"yoast-schema-graph\">{\"@context\":\"https:\/\/schema.org\",\"@graph\":[{\"@type\":\"WebPage\",\"@id\":\"https:\/\/fotoeventos.net\/about-us\/\",\"url\":\"https:\/\/fotoeventos.net\/about-us\/\",\"name\":\"Sobre Nosotros - FotoEventos Producciones\",\"isPartOf\":{\"@id\":\"https:\/\/fotoeventos.net\/#website\"},\"datePublished\":\"2022-07-27T22:36:05+00:00\",\"dateModified\":\"2022-07-28T09:08:40+00:00\",\"breadcrumb\":{\"@id\":\"https:\/\/fotoeventos.net\/about-us\/#breadcrumb\"},\"inLanguage\":\"en-US\",\"potentialAction\":[{\"@type\":\"ReadAction\",\"target\":[\"https:\/\/fotoeventos.net\/about-us\/\"]}]},{\"@type\":\"BreadcrumbList\",\"@id\":\"https:\/\/fotoeventos.net\/about-us\/#breadcrumb\",\"itemListElement\":[{\"@type\":\"ListItem\",\"position\":1,\"name\":\"Portada\",\"item\":\"https:\/\/fotoeventos.net\/\"},{\"@type\":\"ListItem\",\"position\":2,\"name\":\"Sobre Nosotros\"}]},{\"@type\":\"WebSite\",\"@id\":\"https:\/\/fotoeventos.net\/#website\",\"url\":\"https:\/\/fotoeventos.net\/\",\"name\":\"FotoEventos Producciones\",\"description\":\"\",\"publisher\":{\"@id\":\"https:\/\/fotoeventos.net\/#organization\"},\"potentialAction\":[{\"@type\":\"SearchAction\",\"target\":{\"@type\":\"EntryPoint\",\"urlTemplate\":\"https:\/\/fotoeventos.net\/?s={search_term_string}\"},\"query-input\":{\"@type\":\"PropertyValueSpecification\",\"valueRequired\":true,\"valueName\":\"search_term_string\"}}],\"inLanguage\":\"en-US\"},{\"@type\":\"Organization\",\"@id\":\"https:\/\/fotoeventos.net\/#organization\",\"name\":\"FotoEventos Producciones\",\"url\":\"https:\/\/fotoeventos.net\/\",\"logo\":{\"@type\":\"ImageObject\",\"inLanguage\":\"en-US\",\"@id\":\"https:\/\/fotoeventos.net\/#\/schema\/logo\/image\/\",\"url\":\"https:\/\/fotoeventos.net\/wp-content\/uploads\/2022\/07\/cropped-fotoeventos-sin-borde-100x100-1.png\",\"contentUrl\":\"https:\/\/fotoeventos.net\/wp-content\/uploads\/2022\/07\/cropped-fotoeventos-sin-borde-100x100-1.png\",\"width\":100,\"height\":83,\"caption\":\"FotoEventos Producciones\"},\"image\":{\"@id\":\"https:\/\/fotoeventos.net\/#\/schema\/logo\/image\/\"},\"sameAs\":[\"http:\/\/instagram.com\/fotoeventos_net\",\"https:\/\/www.instagram.com\/mr_dinocarlos\"]}]}<\/script>\n<!-- \/ Yoast SEO plugin. -->","yoast_head_json":{"title":"Sobre Nosotros - FotoEventos Producciones","robots":{"index":"index","follow":"follow","max-snippet":"max-snippet:-1","max-image-preview":"max-image-preview:large","max-video-preview":"max-video-preview:-1"},"canonical":"https:\/\/fotoeventos.net\/en\/about-us\/","og_locale":"en_US","og_type":"article","og_title":"Sobre Nosotros - FotoEventos Producciones","og_description":"FotoEventos Producciones es una rama del medio de comunicaci\u00f3n fundado en 2016 por Carlos Cebri\u00e1n FotoEventos, en el cual cubr\u00eda medi\u00e1ticamente eventos de cualquier sector que se realizasen en la Comunidad de Madrid (Espa\u00f1a). FotoEventos Producciones de dedica a la Producci\u00f3n de contenido multimedia, fundado en 2020 y reconocida su entrada en la industria cinematogr\u00e1fica por parte del Ministerio de Cultura y Deporte del Gobierno de Espa\u00f1a y el ICAA en este mismo a\u00f1o. ActualmenteSeguir leyendo...Sobre Nosotros","og_url":"https:\/\/fotoeventos.net\/en\/about-us\/","og_site_name":"FotoEventos Producciones","article_modified_time":"2022-07-28T09:08:40+00:00","twitter_card":"summary_large_image","twitter_misc":{"Est. reading time":"1 minute"},"schema":{"@context":"https:\/\/schema.org","@graph":[{"@type":"WebPage","@id":"https:\/\/fotoeventos.net\/about-us\/","url":"https:\/\/fotoeventos.net\/about-us\/","name":"Sobre Nosotros - FotoEventos Producciones","isPartOf":{"@id":"https:\/\/fotoeventos.net\/#website"},"datePublished":"2022-07-27T22:36:05+00:00","dateModified":"2022-07-28T09:08:40+00:00","breadcrumb":{"@id":"https:\/\/fotoeventos.net\/about-us\/#breadcrumb"},"inLanguage":"en-US","potentialAction":[{"@type":"ReadAction","target":["https:\/\/fotoeventos.net\/about-us\/"]}]},{"@type":"BreadcrumbList","@id":"https:\/\/fotoeventos.net\/about-us\/#breadcrumb","itemListElement":[{"@type":"ListItem","position":1,"name":"Portada","item":"https:\/\/fotoeventos.net\/"},{"@type":"ListItem","position":2,"name":"Sobre Nosotros"}]},{"@type":"WebSite","@id":"https:\/\/fotoeventos.net\/#website","url":"https:\/\/fotoeventos.net\/","name":"FotoEventos Productions","description":"","publisher":{"@id":"https:\/\/fotoeventos.net\/#organization"},"potentialAction":[{"@type":"SearchAction","target":{"@type":"EntryPoint","urlTemplate":"https:\/\/fotoeventos.net\/?s={search_term_string}"},"query-input":{"@type":"PropertyValueSpecification","valueRequired":true,"valueName":"search_term_string"}}],"inLanguage":"en-US"},{"@type":"Organization","@id":"https:\/\/fotoeventos.net\/#organization","name":"FotoEventos Productions","url":"https:\/\/fotoeventos.net\/","logo":{"@type":"ImageObject","inLanguage":"en-US","@id":"https:\/\/fotoeventos.net\/#\/schema\/logo\/image\/","url":"https:\/\/fotoeventos.net\/wp-content\/uploads\/2022\/07\/cropped-fotoeventos-sin-borde-100x100-1.png","contentUrl":"https:\/\/fotoeventos.net\/wp-content\/uploads\/2022\/07\/cropped-fotoeventos-sin-borde-100x100-1.png","width":100,"height":83,"caption":"FotoEventos Producciones"},"image":{"@id":"https:\/\/fotoeventos.net\/#\/schema\/logo\/image\/"},"sameAs":["http:\/\/instagram.com\/fotoeventos_net","https:\/\/www.instagram.com\/mr_dinocarlos"]}]}},"_links":{"self":[{"href":"https:\/\/fotoeventos.net\/en\/wp-json\/wp\/v2\/pages\/2","targetHints":{"allow":["GET"]}}],"collection":[{"href":"https:\/\/fotoeventos.net\/en\/wp-json\/wp\/v2\/pages"}],"about":[{"href":"https:\/\/fotoeventos.net\/en\/wp-json\/wp\/v2\/types\/page"}],"author":[{"embeddable":true,"href":"https:\/\/fotoeventos.net\/en\/wp-json\/wp\/v2\/users\/1"}],"replies":[{"embeddable":true,"href":"https:\/\/fotoeventos.net\/en\/wp-json\/wp\/v2\/comments?post=2"}],"version-history":[{"count":0,"href":"https:\/\/fotoeventos.net\/en\/wp-json\/wp\/v2\/pages\/2\/revisions"}],"wp:attachment":[{"href":"https:\/\/fotoeventos.net\/en\/wp-json\/wp\/v2\/media?parent=2"}],"curies":[{"name":"wp","href":"https:\/\/api.w.org\/{rel}","templated":true}]}}