{"id":50,"date":"2022-07-28T01:54:04","date_gmt":"2022-07-27T23:54:04","guid":{"rendered":"https:\/\/films.fotoeventos.net\/?page_id=50"},"modified":"2022-07-28T13:48:48","modified_gmt":"2022-07-28T11:48:48","slug":"ratatata-jotastimes-music_video","status":"publish","type":"page","link":"https:\/\/fotoeventos.net\/en\/ratatata-jotastimes-music_video\/","title":{"rendered":"Ratatata \u2013 Jotastimes \u2013 Music Video"},"content":{"rendered":"<p>Music Video<\/p>\n\n\n<div class=\"wp-block-image\">\n<figure class=\"aligncenter size-large\"><img fetchpriority=\"high\" decoding=\"async\" width=\"1024\" height=\"576\" src=\"https:\/\/films.fotoeventos.net\/wp-content\/uploads\/2022\/07\/Foto3-1024x576.jpg\" alt=\"\" class=\"wp-image-114\" srcset=\"https:\/\/fotoeventos.net\/wp-content\/uploads\/2022\/07\/Foto3-1024x576.jpg 1024w, https:\/\/fotoeventos.net\/wp-content\/uploads\/2022\/07\/Foto3-300x169.jpg 300w, https:\/\/fotoeventos.net\/wp-content\/uploads\/2022\/07\/Foto3-768x432.jpg 768w, https:\/\/fotoeventos.net\/wp-content\/uploads\/2022\/07\/Foto3-1536x864.jpg 1536w, https:\/\/fotoeventos.net\/wp-content\/uploads\/2022\/07\/Foto3-18x10.jpg 18w, https:\/\/fotoeventos.net\/wp-content\/uploads\/2022\/07\/Foto3.jpg 1920w\" sizes=\"(max-width: 1024px) 100vw, 1024px\" \/><\/figure><\/div>\n\n\n<p>Production of the music video of the song <strong>Ratatatata <\/strong>of the author <strong>JOTASTIME <\/strong>by the music production company <strong>AKUS19<\/strong>.<\/p>\n\n\n\n<blockquote class=\"wp-block-quote is-layout-flow wp-block-quote-is-layout-flow\"><p>I never thought that for this first and small production of a music we would get to shoot in a military hangar at the Cuatro Vientos Air Base. It was a pleasure and honor for us.<\/p><cite>Carlos Cebri\u00e1n (Producer)<\/cite><\/blockquote>\n\n\n\n<h5 class=\"wp-block-heading\">See the Music Video on YouTube<\/h5>\n\n\n\n<figure class=\"wp-block-embed aligncenter is-type-video is-provider-youtube wp-block-embed-youtube wp-embed-aspect-16-9 wp-has-aspect-ratio\"><div class=\"wp-block-embed__wrapper\">\n<iframe title=\"[OFICIAL VIDEO] RATATATATA - JOTASTIME - AKUS 19\" width=\"920\" height=\"518\" src=\"https:\/\/www.youtube.com\/embed\/LXD40Knu2Vg?feature=oembed\" frameborder=\"0\" allow=\"accelerometer; autoplay; clipboard-write; encrypted-media; gyroscope; picture-in-picture\" allowfullscreen><\/iframe>\n<\/div><\/figure>\n\n\n\n<h5 class=\"wp-block-heading\">Listen to their songs on Spotify<\/h5>\n\n\n\n<iframe style=\"border-radius:12px\" src=\"https:\/\/open.spotify.com\/embed\/artist\/51hvQjMTTPGiSV7dfqz2XF?utm_source=generator&#038;theme=0\" width=\"100%\" height=\"380\" frameborder=\"0\" allowfullscreen=\"\" allow=\"autoplay; clipboard-write; encrypted-media; fullscreen; picture-in-picture\"><\/iframe>\n\n\n\n<h5 class=\"wp-block-heading\">Credits<\/h5>\n\n\n\n<p class=\"has-text-align-center\"><strong>CAST <\/strong><br><em>(IN ORDER OF APPEARANCE)<\/em> <br>ARTIST JOTASTIME <br>FRIEND 1 AAR\u00d3N SANTILLANA UCULMANA <br>FRIEND 2 ALBERTO S\u00c1NCHEZ MART\u00cdN <br>FRIEND 3 ADRI\u00c1N P\u00c9REZ FRUTOS <br>BOXING FIGHTER ADRI\u00c1N P\u00c9REZ FRUTOS <br><br><strong>EXECUTIVE PRODUCTION<\/strong> <br>CARLOS CEBRI\u00c1N RUIZ <\/p>\n\n\n\n<p class=\"has-text-align-center\"><strong>DIRECTION <\/strong><br>JAIME L\u00d3PEZ DE ANDR\u00c9S <\/p>\n\n\n\n<p class=\"has-text-align-center\"><br><strong>DIRECTION OF PHOTOGRAPHY<\/strong> <br>TAMARA LAJUSTICIA NOVILLO <\/p>\n\n\n\n<p class=\"has-text-align-center\"><strong>ART DIRECTION<\/strong> <br>V\u00cdCTOR CUENCA CORRALES <br>AINARA RETAMOSA BERM\u00daDEZ <\/p>\n\n\n\n<p class=\"has-text-align-center\"><strong>DIRECTION ASSISTANT <\/strong><br>NEREA MORENO SANTISO <br>JAVIER S\u00c1NCHEZ S\u00c1NCHEZ <\/p>\n\n\n\n<p class=\"has-text-align-center\"><strong>SCRIPT <\/strong><br>NEREA MORENO SANTISO <br>JAVIER S\u00c1NCHEZ S\u00c1NCHEZ <br><\/p>\n\n\n\n<p class=\"has-text-align-center\"><strong>CAMERA OPERATOR<\/strong> <br>TAMARA LAJUSTICIA NOVILLO <br>DANIEL S\u00c1NCHEZ L\u00d3PEZ <\/p>\n\n\n\n<p class=\"has-text-align-center\"><strong>STEADYCAM OPERATOR<\/strong> <br>JASSON ADRI\u00c1N FLECHER LUCAS <\/p>\n\n\n\n<p class=\"has-text-align-center\"><strong>PRODUCTION DESIGN<\/strong> <br>JENNIFER LUC\u00cdA PAMPLIEGA BROS <br>ALICIA VARGAS S\u00c1NCHEZ <\/p>\n\n\n\n<p class=\"has-text-align-center\"><strong>PRODUCTION ASSISTANT<\/strong> <br>ALBERTO S\u00c1NCHEZ MART\u00cdN <br>ANE MERINO S\u00c1NCHEZ <\/p>\n\n\n\n<p class=\"has-text-align-center\"><strong>REGIDORES <\/strong><br>ADRI\u00c1N P\u00c9REZ FRUTOS <br>AARON SANTILLANA UCULMANA <\/p>\n\n\n\n<p class=\"has-text-align-center\"><strong>MAKE-UP <\/strong><br>AINARA RETAMOSA BERM\u00daDEZ <\/p>\n\n\n\n<p class=\"has-text-align-center\"><strong>MAKE-UP ASSISTANT<\/strong> <br>ISABEL NARANJO INGRAMS <\/p>\n\n\n\n<p class=\"has-text-align-center\"><strong>CHIEF ELECTRICIAN<\/strong> <br>DANIEL S\u00c1NCHEZ L\u00d3PEZ <\/p>\n\n\n\n<p class=\"has-text-align-center\"><strong>MUSICAL DIRECTION<\/strong> <br>JOTASTIME <\/p>\n\n\n\n<p class=\"has-text-align-center\"><strong>MUSICAL PRODUCTION COMPANY<\/strong> <br>AKUS19 <\/p>\n\n\n\n<p class=\"has-text-align-center\"><strong>MONTAGE <\/strong><br>JAIME L\u00d3PEZ DE ANDR\u00c9S <\/p>\n\n\n\n<p class=\"has-text-align-center\"><strong>GRADING <\/strong><br>DANIEL S\u00c1NCHEZ L\u00d3PEZ <\/p>\n\n\n\n<p class=\"has-text-align-center\"><strong>VEHICLES <\/strong><br>ALEJANDRO CAMPANILLAS <\/p>\n\n\n\n<p class=\"has-text-align-center\"><strong>LOCATIONS <\/strong><br>JENNIFER LUC\u00cdA PAMPLIEGA BROS <br>ALBERTO S\u00c1NCHEZ MART\u00cdN <br>JAIME L\u00d3PEZ DE ANDR\u00c9S <\/p>\n\n\n\n<p class=\"has-text-align-center\"><strong>PERMIT MANAGEMENT<\/strong> <br>CARLOS CEBRI\u00c1N RUIZ <br>ALBERTO S\u00c1NCHEZ MART\u00cdN <\/p>\n\n\n\n<p class=\"has-text-align-center\"><strong>RECORDING STUDIO<\/strong> <br>AKUS19 DESIGN OF <\/p>\n\n\n\n<p class=\"has-text-align-center\"><strong>CREDITS <\/strong><br>CARLOS CEBRI\u00c1N RUIZ <\/p>\n\n\n\n<p class=\"has-text-align-center\"><strong>RECORDED IN PHOTOGRAPHIC STUDIO FOTOEVENTOS<\/strong> <br><em>C\/Emilio Llorente Navacerrada 19, Torrelodones<\/em> <br><strong>CUATRO VIENTOS MILITARY AIR BASE<\/strong> <br><em>Av de la Aviaci\u00f3n 14, Madrid<\/em> <br><strong>MUNICIPAL PRODUCERS MARKET <\/strong><br><em>Av del Planetario, Calle Meneses 13, Madrid<\/em> <\/p>\n\n\n\n<p class=\"has-text-align-center\"><strong>RECORDED WITH PANASONIC AG-AC130<\/strong> <\/p>\n\n\n\n<p class=\"has-text-align-center\"><strong>THANKS <\/strong><br>MINISTRY OF THE INTERIOR, AIR FORCE, CUATRO VIENTOS AIR BASE, COMMUNITY OF MADRID, MADRID CITY COUNCIL, MINISTRY OF CULTURE AND SPORTS, MADRID FILM OFFICE, FILM MADRID, AKUS19, PROYECTO UTP\u00cdA AND THE WHOLE TEAM OF FOTOEVENTOS PRODUCTIONS. <\/p>\n\n\n\n<p class=\"has-text-align-center\"><strong>FOTOEVENTOS PRODUCTIONS<\/strong> <br>ICAA REGISTRATION N\u00ba <strong>01F4155 <\/strong><br>N\u00ba OF IPC MEMBERS <strong>16648 <\/strong><\/p>\n\n\n\n<p class=\"has-text-align-center\"><strong>A HISPANIC PRODUCTION <\/strong><\/p>\n\n\n\n<p class=\"has-text-align-center\"><strong><em>\u00a9 COPYRIGHT 2020. FOTOEVENTOS PRODUCTIONS<\/em><\/strong> <br>www.films.fotoeventos.net<\/p>","protected":false},"excerpt":{"rendered":"<p>Videoclip Producci\u00f3n del videoclip de la canci\u00f3n Ratatatata del autor JOTASTIME por parte de la productora musical AKUS19. Nunca llegu\u00e9 a pensar que para esta primera y peque\u00f1a producci\u00f3n de un videoclip lleg\u00e1semos a rodar en un hangar militar de la base A\u00e9rea de Cuatro Vientos. Fue todo un placer y Honor para nosotros. Carlos Cebri\u00e1n (Productor) Ver el Videoclip en YouTube Escucha sus canciones en Spotify Cr\u00e9ditos CAST (EN ORDEN DE APARICI\u00d3N) ARTISTA JOTASTIME<\/p>\n<p><span class=\"more-link\"><a href=\"https:\/\/fotoeventos.net\/en\/ratatata-jotastimes-music_video\/\" class=\"readmore\">Keep reading\u2026<span class=\"screen-reader-text\">Ratatata \u2013 Jotastimes \u2013 Music Video<\/span><\/a><\/span><\/p>","protected":false},"author":1,"featured_media":114,"parent":0,"menu_order":0,"comment_status":"closed","ping_status":"closed","template":"","meta":{"footnotes":""},"class_list":["post-50","page","type-page","status-publish","has-post-thumbnail","hentry"],"yoast_head":"<!-- This site is optimized with the Yoast SEO plugin v25.6 - https:\/\/yoast.com\/wordpress\/plugins\/seo\/ -->\n<title>Ratatata - Jotastimes - Videoclip - FotoEventos Producciones<\/title>\n<meta name=\"robots\" content=\"index, follow, max-snippet:-1, max-image-preview:large, max-video-preview:-1\" \/>\n<link rel=\"canonical\" href=\"https:\/\/fotoeventos.net\/en\/ratatata-jotastimes-music_video\/\" \/>\n<meta property=\"og:locale\" content=\"en_US\" \/>\n<meta property=\"og:type\" content=\"article\" \/>\n<meta property=\"og:title\" content=\"Ratatata - Jotastimes - Videoclip - FotoEventos Producciones\" \/>\n<meta property=\"og:description\" content=\"Videoclip Producci\u00f3n del videoclip de la canci\u00f3n Ratatatata del autor JOTASTIME por parte de la productora musical AKUS19. Nunca llegu\u00e9 a pensar que para esta primera y peque\u00f1a producci\u00f3n de un videoclip lleg\u00e1semos a rodar en un hangar militar de la base A\u00e9rea de Cuatro Vientos. Fue todo un placer y Honor para nosotros. Carlos Cebri\u00e1n (Productor) Ver el Videoclip en YouTube Escucha sus canciones en Spotify Cr\u00e9ditos CAST (EN ORDEN DE APARICI\u00d3N) ARTISTA JOTASTIMESeguir leyendo...Ratatata &#8211; Jotastimes &#8211; Videoclip\" \/>\n<meta property=\"og:url\" content=\"https:\/\/fotoeventos.net\/en\/ratatata-jotastimes-music_video\/\" \/>\n<meta property=\"og:site_name\" content=\"FotoEventos Producciones\" \/>\n<meta property=\"article:modified_time\" content=\"2022-07-28T11:48:48+00:00\" \/>\n<meta property=\"og:image\" content=\"https:\/\/fotoeventos.net\/wp-content\/uploads\/2022\/07\/Foto3.jpg\" \/>\n\t<meta property=\"og:image:width\" content=\"1920\" \/>\n\t<meta property=\"og:image:height\" content=\"1080\" \/>\n\t<meta property=\"og:image:type\" content=\"image\/jpeg\" \/>\n<meta name=\"twitter:card\" content=\"summary_large_image\" \/>\n<meta name=\"twitter:label1\" content=\"Est. reading time\" \/>\n\t<meta name=\"twitter:data1\" content=\"2 minutes\" \/>\n<script type=\"application\/ld+json\" class=\"yoast-schema-graph\">{\"@context\":\"https:\/\/schema.org\",\"@graph\":[{\"@type\":\"WebPage\",\"@id\":\"https:\/\/fotoeventos.net\/ratatata-jotastimes-music_video\/\",\"url\":\"https:\/\/fotoeventos.net\/ratatata-jotastimes-music_video\/\",\"name\":\"Ratatata - Jotastimes - Videoclip - FotoEventos Producciones\",\"isPartOf\":{\"@id\":\"https:\/\/fotoeventos.net\/#website\"},\"primaryImageOfPage\":{\"@id\":\"https:\/\/fotoeventos.net\/ratatata-jotastimes-music_video\/#primaryimage\"},\"image\":{\"@id\":\"https:\/\/fotoeventos.net\/ratatata-jotastimes-music_video\/#primaryimage\"},\"thumbnailUrl\":\"https:\/\/fotoeventos.net\/wp-content\/uploads\/2022\/07\/Foto3.jpg\",\"datePublished\":\"2022-07-27T23:54:04+00:00\",\"dateModified\":\"2022-07-28T11:48:48+00:00\",\"breadcrumb\":{\"@id\":\"https:\/\/fotoeventos.net\/ratatata-jotastimes-music_video\/#breadcrumb\"},\"inLanguage\":\"en-US\",\"potentialAction\":[{\"@type\":\"ReadAction\",\"target\":[\"https:\/\/fotoeventos.net\/ratatata-jotastimes-music_video\/\"]}]},{\"@type\":\"ImageObject\",\"inLanguage\":\"en-US\",\"@id\":\"https:\/\/fotoeventos.net\/ratatata-jotastimes-music_video\/#primaryimage\",\"url\":\"https:\/\/fotoeventos.net\/wp-content\/uploads\/2022\/07\/Foto3.jpg\",\"contentUrl\":\"https:\/\/fotoeventos.net\/wp-content\/uploads\/2022\/07\/Foto3.jpg\",\"width\":1920,\"height\":1080},{\"@type\":\"BreadcrumbList\",\"@id\":\"https:\/\/fotoeventos.net\/ratatata-jotastimes-music_video\/#breadcrumb\",\"itemListElement\":[{\"@type\":\"ListItem\",\"position\":1,\"name\":\"Portada\",\"item\":\"https:\/\/fotoeventos.net\/\"},{\"@type\":\"ListItem\",\"position\":2,\"name\":\"Ratatata &#8211; Jotastimes &#8211; Videoclip\"}]},{\"@type\":\"WebSite\",\"@id\":\"https:\/\/fotoeventos.net\/#website\",\"url\":\"https:\/\/fotoeventos.net\/\",\"name\":\"FotoEventos Producciones\",\"description\":\"\",\"publisher\":{\"@id\":\"https:\/\/fotoeventos.net\/#organization\"},\"potentialAction\":[{\"@type\":\"SearchAction\",\"target\":{\"@type\":\"EntryPoint\",\"urlTemplate\":\"https:\/\/fotoeventos.net\/?s={search_term_string}\"},\"query-input\":{\"@type\":\"PropertyValueSpecification\",\"valueRequired\":true,\"valueName\":\"search_term_string\"}}],\"inLanguage\":\"en-US\"},{\"@type\":\"Organization\",\"@id\":\"https:\/\/fotoeventos.net\/#organization\",\"name\":\"FotoEventos Producciones\",\"url\":\"https:\/\/fotoeventos.net\/\",\"logo\":{\"@type\":\"ImageObject\",\"inLanguage\":\"en-US\",\"@id\":\"https:\/\/fotoeventos.net\/#\/schema\/logo\/image\/\",\"url\":\"https:\/\/fotoeventos.net\/wp-content\/uploads\/2022\/07\/cropped-fotoeventos-sin-borde-100x100-1.png\",\"contentUrl\":\"https:\/\/fotoeventos.net\/wp-content\/uploads\/2022\/07\/cropped-fotoeventos-sin-borde-100x100-1.png\",\"width\":100,\"height\":83,\"caption\":\"FotoEventos Producciones\"},\"image\":{\"@id\":\"https:\/\/fotoeventos.net\/#\/schema\/logo\/image\/\"},\"sameAs\":[\"http:\/\/instagram.com\/fotoeventos_net\",\"https:\/\/www.instagram.com\/mr_dinocarlos\"]}]}<\/script>\n<!-- \/ Yoast SEO plugin. -->","yoast_head_json":{"title":"Ratatata - Jotastimes - Videoclip - FotoEventos Producciones","robots":{"index":"index","follow":"follow","max-snippet":"max-snippet:-1","max-image-preview":"max-image-preview:large","max-video-preview":"max-video-preview:-1"},"canonical":"https:\/\/fotoeventos.net\/en\/ratatata-jotastimes-music_video\/","og_locale":"en_US","og_type":"article","og_title":"Ratatata - Jotastimes - Videoclip - FotoEventos Producciones","og_description":"Videoclip Producci\u00f3n del videoclip de la canci\u00f3n Ratatatata del autor JOTASTIME por parte de la productora musical AKUS19. Nunca llegu\u00e9 a pensar que para esta primera y peque\u00f1a producci\u00f3n de un videoclip lleg\u00e1semos a rodar en un hangar militar de la base A\u00e9rea de Cuatro Vientos. Fue todo un placer y Honor para nosotros. Carlos Cebri\u00e1n (Productor) Ver el Videoclip en YouTube Escucha sus canciones en Spotify Cr\u00e9ditos CAST (EN ORDEN DE APARICI\u00d3N) ARTISTA JOTASTIMESeguir leyendo...Ratatata &#8211; Jotastimes &#8211; Videoclip","og_url":"https:\/\/fotoeventos.net\/en\/ratatata-jotastimes-music_video\/","og_site_name":"FotoEventos Producciones","article_modified_time":"2022-07-28T11:48:48+00:00","og_image":[{"width":1920,"height":1080,"url":"https:\/\/fotoeventos.net\/wp-content\/uploads\/2022\/07\/Foto3.jpg","type":"image\/jpeg"}],"twitter_card":"summary_large_image","twitter_misc":{"Est. reading time":"2 minutes"},"schema":{"@context":"https:\/\/schema.org","@graph":[{"@type":"WebPage","@id":"https:\/\/fotoeventos.net\/ratatata-jotastimes-music_video\/","url":"https:\/\/fotoeventos.net\/ratatata-jotastimes-music_video\/","name":"Ratatata - Jotastimes - Videoclip - FotoEventos Producciones","isPartOf":{"@id":"https:\/\/fotoeventos.net\/#website"},"primaryImageOfPage":{"@id":"https:\/\/fotoeventos.net\/ratatata-jotastimes-music_video\/#primaryimage"},"image":{"@id":"https:\/\/fotoeventos.net\/ratatata-jotastimes-music_video\/#primaryimage"},"thumbnailUrl":"https:\/\/fotoeventos.net\/wp-content\/uploads\/2022\/07\/Foto3.jpg","datePublished":"2022-07-27T23:54:04+00:00","dateModified":"2022-07-28T11:48:48+00:00","breadcrumb":{"@id":"https:\/\/fotoeventos.net\/ratatata-jotastimes-music_video\/#breadcrumb"},"inLanguage":"en-US","potentialAction":[{"@type":"ReadAction","target":["https:\/\/fotoeventos.net\/ratatata-jotastimes-music_video\/"]}]},{"@type":"ImageObject","inLanguage":"en-US","@id":"https:\/\/fotoeventos.net\/ratatata-jotastimes-music_video\/#primaryimage","url":"https:\/\/fotoeventos.net\/wp-content\/uploads\/2022\/07\/Foto3.jpg","contentUrl":"https:\/\/fotoeventos.net\/wp-content\/uploads\/2022\/07\/Foto3.jpg","width":1920,"height":1080},{"@type":"BreadcrumbList","@id":"https:\/\/fotoeventos.net\/ratatata-jotastimes-music_video\/#breadcrumb","itemListElement":[{"@type":"ListItem","position":1,"name":"Portada","item":"https:\/\/fotoeventos.net\/"},{"@type":"ListItem","position":2,"name":"Ratatata &#8211; Jotastimes &#8211; Videoclip"}]},{"@type":"WebSite","@id":"https:\/\/fotoeventos.net\/#website","url":"https:\/\/fotoeventos.net\/","name":"FotoEventos Productions","description":"","publisher":{"@id":"https:\/\/fotoeventos.net\/#organization"},"potentialAction":[{"@type":"SearchAction","target":{"@type":"EntryPoint","urlTemplate":"https:\/\/fotoeventos.net\/?s={search_term_string}"},"query-input":{"@type":"PropertyValueSpecification","valueRequired":true,"valueName":"search_term_string"}}],"inLanguage":"en-US"},{"@type":"Organization","@id":"https:\/\/fotoeventos.net\/#organization","name":"FotoEventos Productions","url":"https:\/\/fotoeventos.net\/","logo":{"@type":"ImageObject","inLanguage":"en-US","@id":"https:\/\/fotoeventos.net\/#\/schema\/logo\/image\/","url":"https:\/\/fotoeventos.net\/wp-content\/uploads\/2022\/07\/cropped-fotoeventos-sin-borde-100x100-1.png","contentUrl":"https:\/\/fotoeventos.net\/wp-content\/uploads\/2022\/07\/cropped-fotoeventos-sin-borde-100x100-1.png","width":100,"height":83,"caption":"FotoEventos Producciones"},"image":{"@id":"https:\/\/fotoeventos.net\/#\/schema\/logo\/image\/"},"sameAs":["http:\/\/instagram.com\/fotoeventos_net","https:\/\/www.instagram.com\/mr_dinocarlos"]}]}},"_links":{"self":[{"href":"https:\/\/fotoeventos.net\/en\/wp-json\/wp\/v2\/pages\/50","targetHints":{"allow":["GET"]}}],"collection":[{"href":"https:\/\/fotoeventos.net\/en\/wp-json\/wp\/v2\/pages"}],"about":[{"href":"https:\/\/fotoeventos.net\/en\/wp-json\/wp\/v2\/types\/page"}],"author":[{"embeddable":true,"href":"https:\/\/fotoeventos.net\/en\/wp-json\/wp\/v2\/users\/1"}],"replies":[{"embeddable":true,"href":"https:\/\/fotoeventos.net\/en\/wp-json\/wp\/v2\/comments?post=50"}],"version-history":[{"count":0,"href":"https:\/\/fotoeventos.net\/en\/wp-json\/wp\/v2\/pages\/50\/revisions"}],"wp:featuredmedia":[{"embeddable":true,"href":"https:\/\/fotoeventos.net\/en\/wp-json\/wp\/v2\/media\/114"}],"wp:attachment":[{"href":"https:\/\/fotoeventos.net\/en\/wp-json\/wp\/v2\/media?parent=50"}],"curies":[{"name":"wp","href":"https:\/\/api.w.org\/{rel}","templated":true}]}}