{"id":54,"date":"2022-07-28T01:54:51","date_gmt":"2022-07-27T23:54:51","guid":{"rendered":"https:\/\/films.fotoeventos.net\/?page_id=54"},"modified":"2022-07-29T00:10:01","modified_gmt":"2022-07-28T22:10:01","slug":"10-95_feature_film","status":"publish","type":"page","link":"https:\/\/fotoeventos.net\/en\/10-95_feature_film\/","title":{"rendered":"10-95 \u2013 Feature Film"},"content":{"rendered":"<p>** More Information Soon **<\/p>\n\n\n<div class=\"imdb_container\"><div style=\"all: unset\"><div class=\"imdb_dark\">\r\n    <div class=\"imdb_left\">\r\n        <a href=\"http:\/\/www.imdb.com\/title\/tt21151710\" target=\"_blank\">\r\n            <div class=\"poster_parent\" style=\"                        background: url(https:\/\/fotoeventos.net\/wp-content\/plugins\/shortcode-imdb\/includes\/assets\/star.png),                        url(https:\/\/m.media-amazon.com\/images\/M\/MV5BYTY1ZjRmYWEtZGIyOC00OTdkLWEzZDItNGEzY2ZlMDBkMmQyXkEyXkFqcGdeQXVyNzY5NTQzOTg@._V1_QL75_UX190_CR0,0,190,281_.jpg)no-repeat center center;                        background-size: cover;                         -webkit-background-size: cover;                        -moz-background-size: cover;                        -o-background-size: cover;                        background-size: cover;\">\r\n                <span id=\"imdb_rating\">?.?<\/span>\r\n            <\/div>\r\n        <\/a>\r\n    <\/div>\r\n    <div class=\"imdb_right\">\r\n        <span id=\"movie_title\"><a href=\"http:\/\/www.imdb.com\/title\/tt21151710\" target=\"_blank\">10-95<small><\/small><\/a><\/span>\r\n        <span id=\"genres\"><\/span>\r\n        <div class=\"imdb_general\"><span id=\"imdb_general\"><b>Director:<\/b> <a href=\"http:\/\/www.imdb.com\/name\/nm11340281\/?ref_=tt_ov_dr\" target=\"_blank\">Fabian Siebecke<\/a><\/span><span id=\"imdb_general\"><b>Writer:<\/b> <a href=\"http:\/\/www.imdb.com\/name\/nm11340281\/?ref_=tt_ov_wr\" target=\"_blank\">Fabian Siebecke<\/a><\/span><span id=\"imdb_general\"><b>Stars:<\/b> <a href=\"http:\/\/www.imdb.com\/name\/nm12913327\/?ref_=tt_ov_st\" target=\"_blank\">Daniel Navarro P\u00e9rez<\/a>, <a href=\"http:\/\/www.imdb.com\/name\/nm11340281\/?ref_=tt_ov_st\" target=\"_blank\">Fabian Siebecke<\/a><\/span><\/div>\r\n        <span id=\"summary\"><b>Summary: <\/b><\/span>\r\n        <div class=\"imdb_general\"><span id=\"imdb_general\"><b>Countries:<\/b> Germany<\/span><\/div>\r\n        <div class=\"imdb-footer\"><span class=\"imdb_copyright\">Source: <a href=\"https:\/\/www.imdb.com\" target=\"_blank\">imdb.com<\/a><\/span><span style=\"display: none\">Disclaimer: This plugin has been coded to automatically quote data from imdb.com. Not available for any other purpose. All showing data have a link to imdb.com. The user is responsible for any other use or change codes.<\/span><\/div>\r\n    <\/div>\r\n<\/div><\/div><\/div>","protected":false},"excerpt":{"rendered":"<p>** More Information Soon **<\/p>","protected":false},"author":1,"featured_media":7,"parent":0,"menu_order":0,"comment_status":"closed","ping_status":"closed","template":"","meta":{"footnotes":""},"class_list":["post-54","page","type-page","status-publish","has-post-thumbnail","hentry"],"yoast_head":"<!-- This site is optimized with the Yoast SEO plugin v25.6 - https:\/\/yoast.com\/wordpress\/plugins\/seo\/ -->\n<title>10-95 - Largometraje - FotoEventos Producciones<\/title>\n<meta name=\"robots\" content=\"index, follow, max-snippet:-1, max-image-preview:large, max-video-preview:-1\" \/>\n<link rel=\"canonical\" href=\"https:\/\/fotoeventos.net\/en\/10-95_feature_film\/\" \/>\n<meta property=\"og:locale\" content=\"en_US\" \/>\n<meta property=\"og:type\" content=\"article\" \/>\n<meta property=\"og:title\" content=\"10-95 - Largometraje - FotoEventos Producciones\" \/>\n<meta property=\"og:description\" content=\"** M\u00e1s Informaci\u00f3n Pr\u00f3ximamente **\" \/>\n<meta property=\"og:url\" content=\"https:\/\/fotoeventos.net\/en\/10-95_feature_film\/\" \/>\n<meta property=\"og:site_name\" content=\"FotoEventos Producciones\" \/>\n<meta property=\"article:modified_time\" content=\"2022-07-28T22:10:01+00:00\" \/>\n<meta property=\"og:image\" content=\"https:\/\/fotoeventos.net\/wp-content\/uploads\/2022\/07\/WhatsApp-Image-2022-07-27-at-00.01.25.jpeg\" \/>\n\t<meta property=\"og:image:width\" content=\"1600\" \/>\n\t<meta property=\"og:image:height\" content=\"914\" \/>\n\t<meta property=\"og:image:type\" content=\"image\/jpeg\" \/>\n<meta name=\"twitter:card\" content=\"summary_large_image\" \/>\n<script type=\"application\/ld+json\" class=\"yoast-schema-graph\">{\"@context\":\"https:\/\/schema.org\",\"@graph\":[{\"@type\":\"WebPage\",\"@id\":\"https:\/\/fotoeventos.net\/10-95_feature_film\/\",\"url\":\"https:\/\/fotoeventos.net\/10-95_feature_film\/\",\"name\":\"10-95 - Largometraje - FotoEventos Producciones\",\"isPartOf\":{\"@id\":\"https:\/\/fotoeventos.net\/#website\"},\"primaryImageOfPage\":{\"@id\":\"https:\/\/fotoeventos.net\/10-95_feature_film\/#primaryimage\"},\"image\":{\"@id\":\"https:\/\/fotoeventos.net\/10-95_feature_film\/#primaryimage\"},\"thumbnailUrl\":\"https:\/\/fotoeventos.net\/wp-content\/uploads\/2022\/07\/WhatsApp-Image-2022-07-27-at-00.01.25.jpeg\",\"datePublished\":\"2022-07-27T23:54:51+00:00\",\"dateModified\":\"2022-07-28T22:10:01+00:00\",\"breadcrumb\":{\"@id\":\"https:\/\/fotoeventos.net\/10-95_feature_film\/#breadcrumb\"},\"inLanguage\":\"en-US\",\"potentialAction\":[{\"@type\":\"ReadAction\",\"target\":[\"https:\/\/fotoeventos.net\/10-95_feature_film\/\"]}]},{\"@type\":\"ImageObject\",\"inLanguage\":\"en-US\",\"@id\":\"https:\/\/fotoeventos.net\/10-95_feature_film\/#primaryimage\",\"url\":\"https:\/\/fotoeventos.net\/wp-content\/uploads\/2022\/07\/WhatsApp-Image-2022-07-27-at-00.01.25.jpeg\",\"contentUrl\":\"https:\/\/fotoeventos.net\/wp-content\/uploads\/2022\/07\/WhatsApp-Image-2022-07-27-at-00.01.25.jpeg\",\"width\":1600,\"height\":914},{\"@type\":\"BreadcrumbList\",\"@id\":\"https:\/\/fotoeventos.net\/10-95_feature_film\/#breadcrumb\",\"itemListElement\":[{\"@type\":\"ListItem\",\"position\":1,\"name\":\"Portada\",\"item\":\"https:\/\/fotoeventos.net\/\"},{\"@type\":\"ListItem\",\"position\":2,\"name\":\"10-95 &#8211; Largometraje\"}]},{\"@type\":\"WebSite\",\"@id\":\"https:\/\/fotoeventos.net\/#website\",\"url\":\"https:\/\/fotoeventos.net\/\",\"name\":\"FotoEventos Producciones\",\"description\":\"\",\"publisher\":{\"@id\":\"https:\/\/fotoeventos.net\/#organization\"},\"potentialAction\":[{\"@type\":\"SearchAction\",\"target\":{\"@type\":\"EntryPoint\",\"urlTemplate\":\"https:\/\/fotoeventos.net\/?s={search_term_string}\"},\"query-input\":{\"@type\":\"PropertyValueSpecification\",\"valueRequired\":true,\"valueName\":\"search_term_string\"}}],\"inLanguage\":\"en-US\"},{\"@type\":\"Organization\",\"@id\":\"https:\/\/fotoeventos.net\/#organization\",\"name\":\"FotoEventos Producciones\",\"url\":\"https:\/\/fotoeventos.net\/\",\"logo\":{\"@type\":\"ImageObject\",\"inLanguage\":\"en-US\",\"@id\":\"https:\/\/fotoeventos.net\/#\/schema\/logo\/image\/\",\"url\":\"https:\/\/fotoeventos.net\/wp-content\/uploads\/2022\/07\/cropped-fotoeventos-sin-borde-100x100-1.png\",\"contentUrl\":\"https:\/\/fotoeventos.net\/wp-content\/uploads\/2022\/07\/cropped-fotoeventos-sin-borde-100x100-1.png\",\"width\":100,\"height\":83,\"caption\":\"FotoEventos Producciones\"},\"image\":{\"@id\":\"https:\/\/fotoeventos.net\/#\/schema\/logo\/image\/\"},\"sameAs\":[\"http:\/\/instagram.com\/fotoeventos_net\",\"https:\/\/www.instagram.com\/mr_dinocarlos\"]}]}<\/script>\n<!-- \/ Yoast SEO plugin. -->","yoast_head_json":{"title":"10-95 - Largometraje - FotoEventos Producciones","robots":{"index":"index","follow":"follow","max-snippet":"max-snippet:-1","max-image-preview":"max-image-preview:large","max-video-preview":"max-video-preview:-1"},"canonical":"https:\/\/fotoeventos.net\/en\/10-95_feature_film\/","og_locale":"en_US","og_type":"article","og_title":"10-95 - Largometraje - FotoEventos Producciones","og_description":"** M\u00e1s Informaci\u00f3n Pr\u00f3ximamente **","og_url":"https:\/\/fotoeventos.net\/en\/10-95_feature_film\/","og_site_name":"FotoEventos Producciones","article_modified_time":"2022-07-28T22:10:01+00:00","og_image":[{"width":1600,"height":914,"url":"https:\/\/fotoeventos.net\/wp-content\/uploads\/2022\/07\/WhatsApp-Image-2022-07-27-at-00.01.25.jpeg","type":"image\/jpeg"}],"twitter_card":"summary_large_image","schema":{"@context":"https:\/\/schema.org","@graph":[{"@type":"WebPage","@id":"https:\/\/fotoeventos.net\/10-95_feature_film\/","url":"https:\/\/fotoeventos.net\/10-95_feature_film\/","name":"10-95 - Largometraje - FotoEventos Producciones","isPartOf":{"@id":"https:\/\/fotoeventos.net\/#website"},"primaryImageOfPage":{"@id":"https:\/\/fotoeventos.net\/10-95_feature_film\/#primaryimage"},"image":{"@id":"https:\/\/fotoeventos.net\/10-95_feature_film\/#primaryimage"},"thumbnailUrl":"https:\/\/fotoeventos.net\/wp-content\/uploads\/2022\/07\/WhatsApp-Image-2022-07-27-at-00.01.25.jpeg","datePublished":"2022-07-27T23:54:51+00:00","dateModified":"2022-07-28T22:10:01+00:00","breadcrumb":{"@id":"https:\/\/fotoeventos.net\/10-95_feature_film\/#breadcrumb"},"inLanguage":"en-US","potentialAction":[{"@type":"ReadAction","target":["https:\/\/fotoeventos.net\/10-95_feature_film\/"]}]},{"@type":"ImageObject","inLanguage":"en-US","@id":"https:\/\/fotoeventos.net\/10-95_feature_film\/#primaryimage","url":"https:\/\/fotoeventos.net\/wp-content\/uploads\/2022\/07\/WhatsApp-Image-2022-07-27-at-00.01.25.jpeg","contentUrl":"https:\/\/fotoeventos.net\/wp-content\/uploads\/2022\/07\/WhatsApp-Image-2022-07-27-at-00.01.25.jpeg","width":1600,"height":914},{"@type":"BreadcrumbList","@id":"https:\/\/fotoeventos.net\/10-95_feature_film\/#breadcrumb","itemListElement":[{"@type":"ListItem","position":1,"name":"Portada","item":"https:\/\/fotoeventos.net\/"},{"@type":"ListItem","position":2,"name":"10-95 &#8211; Largometraje"}]},{"@type":"WebSite","@id":"https:\/\/fotoeventos.net\/#website","url":"https:\/\/fotoeventos.net\/","name":"FotoEventos Productions","description":"","publisher":{"@id":"https:\/\/fotoeventos.net\/#organization"},"potentialAction":[{"@type":"SearchAction","target":{"@type":"EntryPoint","urlTemplate":"https:\/\/fotoeventos.net\/?s={search_term_string}"},"query-input":{"@type":"PropertyValueSpecification","valueRequired":true,"valueName":"search_term_string"}}],"inLanguage":"en-US"},{"@type":"Organization","@id":"https:\/\/fotoeventos.net\/#organization","name":"FotoEventos Productions","url":"https:\/\/fotoeventos.net\/","logo":{"@type":"ImageObject","inLanguage":"en-US","@id":"https:\/\/fotoeventos.net\/#\/schema\/logo\/image\/","url":"https:\/\/fotoeventos.net\/wp-content\/uploads\/2022\/07\/cropped-fotoeventos-sin-borde-100x100-1.png","contentUrl":"https:\/\/fotoeventos.net\/wp-content\/uploads\/2022\/07\/cropped-fotoeventos-sin-borde-100x100-1.png","width":100,"height":83,"caption":"FotoEventos Producciones"},"image":{"@id":"https:\/\/fotoeventos.net\/#\/schema\/logo\/image\/"},"sameAs":["http:\/\/instagram.com\/fotoeventos_net","https:\/\/www.instagram.com\/mr_dinocarlos"]}]}},"_links":{"self":[{"href":"https:\/\/fotoeventos.net\/en\/wp-json\/wp\/v2\/pages\/54","targetHints":{"allow":["GET"]}}],"collection":[{"href":"https:\/\/fotoeventos.net\/en\/wp-json\/wp\/v2\/pages"}],"about":[{"href":"https:\/\/fotoeventos.net\/en\/wp-json\/wp\/v2\/types\/page"}],"author":[{"embeddable":true,"href":"https:\/\/fotoeventos.net\/en\/wp-json\/wp\/v2\/users\/1"}],"replies":[{"embeddable":true,"href":"https:\/\/fotoeventos.net\/en\/wp-json\/wp\/v2\/comments?post=54"}],"version-history":[{"count":0,"href":"https:\/\/fotoeventos.net\/en\/wp-json\/wp\/v2\/pages\/54\/revisions"}],"wp:featuredmedia":[{"embeddable":true,"href":"https:\/\/fotoeventos.net\/en\/wp-json\/wp\/v2\/media\/7"}],"wp:attachment":[{"href":"https:\/\/fotoeventos.net\/en\/wp-json\/wp\/v2\/media?parent=54"}],"curies":[{"name":"wp","href":"https:\/\/api.w.org\/{rel}","templated":true}]}}